{"id":12,"date":"2023-02-12T19:03:37","date_gmt":"2023-02-12T22:03:37","guid":{"rendered":"https:\/\/crmcurso.jetninjapro.com\/?page_id=12"},"modified":"2026-03-10T15:21:37","modified_gmt":"2026-03-10T18:21:37","slug":"home","status":"publish","type":"page","link":"https:\/\/propostadigital.diamondpublioficial.com.br\/propostafinanciamento\/","title":{"rendered":"Home"},"content":{"rendered":"\t\t<div data-elementor-type=\"wp-page\" data-elementor-id=\"12\" class=\"elementor elementor-12\" data-elementor-post-type=\"page\">\n\t\t\t\t<div class=\"elementor-element elementor-element-c37929f e-flex e-con-boxed e-con e-parent\" data-id=\"c37929f\" data-element_type=\"container\" data-settings=\"{&quot;background_background&quot;:&quot;classic&quot;}\">\n\t\t\t\t\t<div class=\"e-con-inner\">\n\t\t\t\t<div class=\"elementor-element elementor-element-57d6d58 elementor-widget elementor-widget-heading\" data-id=\"57d6d58\" data-element_type=\"widget\" data-widget_type=\"heading.default\">\n\t\t\t\t<div class=\"elementor-widget-container\">\n\t\t\t\t\t<h1 class=\"elementor-heading-title elementor-size-default\">Quer financiar seu im\u00f3vel?<\/h1>\t\t\t\t<\/div>\n\t\t\t\t<\/div>\n\t\t\t\t<div class=\"elementor-element elementor-element-c2f9977 elementor-widget elementor-widget-heading\" data-id=\"c2f9977\" data-element_type=\"widget\" data-widget_type=\"heading.default\">\n\t\t\t\t<div class=\"elementor-widget-container\">\n\t\t\t\t\t<h2 class=\"elementor-heading-title elementor-size-default\">Fa\u00e7a uma simula\u00e7\u00e3o sem compromisso<\/h2>\t\t\t\t<\/div>\n\t\t\t\t<\/div>\n\t\t\t\t<div class=\"elementor-element elementor-element-c0511c1 elementor-align-center elementor-widget elementor-widget-button\" data-id=\"c0511c1\" data-element_type=\"widget\" data-widget_type=\"button.default\">\n\t\t\t\t<div class=\"elementor-widget-container\">\n\t\t\t\t\t\t\t\t\t<div class=\"elementor-button-wrapper\">\n\t\t\t\t\t<a class=\"elementor-button elementor-button-link elementor-size-sm\" href=\"https:\/\/propostadigital.diamondpublioficial.com.br\/propostafinanciamento\/proposta-financiamento\/\">\n\t\t\t\t\t\t<span class=\"elementor-button-content-wrapper\">\n\t\t\t\t\t\t\t\t\t<span class=\"elementor-button-text\">Fazer simula\u00e7\u00e3o<\/span>\n\t\t\t\t\t<\/span>\n\t\t\t\t\t<\/a>\n\t\t\t\t<\/div>\n\t\t\t\t\t\t\t\t<\/div>\n\t\t\t\t<\/div>\n\t\t\t\t\t<\/div>\n\t\t\t\t<\/div>\n\t\t<div class=\"elementor-element elementor-element-37ab83b e-flex e-con-boxed e-con e-parent\" data-id=\"37ab83b\" data-element_type=\"container\">\n\t\t\t\t\t<div class=\"e-con-inner\">\n\t\t\t\t<div class=\"elementor-element elementor-element-1025244 elementor-widget__width-inherit elementor-widget elementor-widget-heading\" data-id=\"1025244\" data-element_type=\"widget\" data-widget_type=\"heading.default\">\n\t\t\t\t<div class=\"elementor-widget-container\">\n\t\t\t\t\t<h2 class=\"elementor-heading-title elementor-size-default\">Veja como \u00e9 simples<\/h2>\t\t\t\t<\/div>\n\t\t\t\t<\/div>\n\t\t\t\t<div class=\"elementor-element elementor-element-5a3cc9a elementor-widget__width-initial elementor-position-top elementor-widget elementor-widget-image-box\" data-id=\"5a3cc9a\" data-element_type=\"widget\" data-widget_type=\"image-box.default\">\n\t\t\t\t<div class=\"elementor-widget-container\">\n\t\t\t\t\t<div class=\"elementor-image-box-wrapper\"><figure class=\"elementor-image-box-img\"><img decoding=\"async\" width=\"64\" height=\"64\" src=\"https:\/\/propostadigital.diamondpublioficial.com.br\/propostafinanciamento\/wp-content\/uploads\/2023\/02\/proposta-de-negocio.png\" class=\"attachment-full size-full wp-image-57\" alt=\"\" \/><\/figure><div class=\"elementor-image-box-content\"><h3 class=\"elementor-image-box-title\">Passo 01<\/h3><p class=\"elementor-image-box-description\">Voc\u00ea vai preencher o formul\u00e1rio de financiamento com seus dados.<\/p><\/div><\/div>\t\t\t\t<\/div>\n\t\t\t\t<\/div>\n\t\t\t\t<div class=\"elementor-element elementor-element-88786ff elementor-widget__width-initial elementor-position-top elementor-widget elementor-widget-image-box\" data-id=\"88786ff\" data-element_type=\"widget\" data-widget_type=\"image-box.default\">\n\t\t\t\t<div class=\"elementor-widget-container\">\n\t\t\t\t\t<div class=\"elementor-image-box-wrapper\"><figure class=\"elementor-image-box-img\"><img decoding=\"async\" width=\"64\" height=\"64\" src=\"https:\/\/propostadigital.diamondpublioficial.com.br\/propostafinanciamento\/wp-content\/uploads\/2023\/02\/investment.png\" class=\"attachment-full size-full wp-image-58\" alt=\"\" \/><\/figure><div class=\"elementor-image-box-content\"><h3 class=\"elementor-image-box-title\">Passo 02<\/h3><p class=\"elementor-image-box-description\">Iremos receber e encaminhar para um especialista analisar.<\/p><\/div><\/div>\t\t\t\t<\/div>\n\t\t\t\t<\/div>\n\t\t\t\t<div class=\"elementor-element elementor-element-3cf9e5d elementor-widget__width-initial elementor-position-top elementor-widget elementor-widget-image-box\" data-id=\"3cf9e5d\" data-element_type=\"widget\" data-widget_type=\"image-box.default\">\n\t\t\t\t<div class=\"elementor-widget-container\">\n\t\t\t\t\t<div class=\"elementor-image-box-wrapper\"><figure class=\"elementor-image-box-img\"><img decoding=\"async\" width=\"64\" height=\"64\" src=\"https:\/\/propostadigital.diamondpublioficial.com.br\/propostafinanciamento\/wp-content\/uploads\/2023\/02\/key.png\" class=\"attachment-full size-full wp-image-55\" alt=\"\" \/><\/figure><div class=\"elementor-image-box-content\"><h3 class=\"elementor-image-box-title\">Passo 03<\/h3><p class=\"elementor-image-box-description\">Entraremos em contato com sua proposta de financiamento.<\/p><\/div><\/div>\t\t\t\t<\/div>\n\t\t\t\t<\/div>\n\t\t\t\t<div class=\"elementor-element elementor-element-33c2c49 elementor-align-center elementor-widget__width-inherit elementor-widget elementor-widget-button\" data-id=\"33c2c49\" data-element_type=\"widget\" data-widget_type=\"button.default\">\n\t\t\t\t<div class=\"elementor-widget-container\">\n\t\t\t\t\t\t\t\t\t<div class=\"elementor-button-wrapper\">\n\t\t\t\t\t<a class=\"elementor-button elementor-button-link elementor-size-sm\" href=\"https:\/\/propostadigital.diamondpublioficial.com.br\/propostafinanciamento\/proposta-financiamento\/\">\n\t\t\t\t\t\t<span class=\"elementor-button-content-wrapper\">\n\t\t\t\t\t\t\t\t\t<span class=\"elementor-button-text\">Fazer simula\u00e7\u00e3o<\/span>\n\t\t\t\t\t<\/span>\n\t\t\t\t\t<\/a>\n\t\t\t\t<\/div>\n\t\t\t\t\t\t\t\t<\/div>\n\t\t\t\t<\/div>\n\t\t\t\t\t<\/div>\n\t\t\t\t<\/div>\n\t\t\t\t<\/div>\n\t\t","protected":false},"excerpt":{"rendered":"<p>Quer financiar seu im\u00f3vel? Fa\u00e7a uma simula\u00e7\u00e3o sem compromisso Fazer simula\u00e7\u00e3o Veja como \u00e9 simples Passo 01 Voc\u00ea vai preencher o formul\u00e1rio de financiamento com seus dados. Passo 02 Iremos receber e encaminhar para um especialista analisar. Passo 03 Entraremos em contato com sua proposta de financiamento. Fazer simula\u00e7\u00e3o<\/p>\n","protected":false},"author":2,"featured_media":0,"parent":0,"menu_order":0,"comment_status":"closed","ping_status":"closed","template":"elementor_header_footer","meta":{"footnotes":""},"class_list":["post-12","page","type-page","status-publish","hentry"],"_links":{"self":[{"href":"https:\/\/propostadigital.diamondpublioficial.com.br\/propostafinanciamento\/wp-json\/wp\/v2\/pages\/12","targetHints":{"allow":["GET"]}}],"collection":[{"href":"https:\/\/propostadigital.diamondpublioficial.com.br\/propostafinanciamento\/wp-json\/wp\/v2\/pages"}],"about":[{"href":"https:\/\/propostadigital.diamondpublioficial.com.br\/propostafinanciamento\/wp-json\/wp\/v2\/types\/page"}],"author":[{"embeddable":true,"href":"https:\/\/propostadigital.diamondpublioficial.com.br\/propostafinanciamento\/wp-json\/wp\/v2\/users\/2"}],"replies":[{"embeddable":true,"href":"https:\/\/propostadigital.diamondpublioficial.com.br\/propostafinanciamento\/wp-json\/wp\/v2\/comments?post=12"}],"version-history":[{"count":37,"href":"https:\/\/propostadigital.diamondpublioficial.com.br\/propostafinanciamento\/wp-json\/wp\/v2\/pages\/12\/revisions"}],"predecessor-version":[{"id":350,"href":"https:\/\/propostadigital.diamondpublioficial.com.br\/propostafinanciamento\/wp-json\/wp\/v2\/pages\/12\/revisions\/350"}],"wp:attachment":[{"href":"https:\/\/propostadigital.diamondpublioficial.com.br\/propostafinanciamento\/wp-json\/wp\/v2\/media?parent=12"}],"curies":[{"name":"wp","href":"https:\/\/api.w.org\/{rel}","templated":true}]}}