{"id":22,"date":"2023-02-12T19:04:55","date_gmt":"2023-02-12T22:04:55","guid":{"rendered":"https:\/\/crmcurso.jetninjapro.com\/?page_id=22"},"modified":"2026-03-10T15:24:00","modified_gmt":"2026-03-10T18:24:00","slug":"proposta-financiamento","status":"publish","type":"page","link":"https:\/\/propostadigital.diamondpublioficial.com.br\/propostafinanciamento\/proposta-financiamento\/","title":{"rendered":"Proposta financiamento"},"content":{"rendered":"\t\t<div data-elementor-type=\"wp-page\" data-elementor-id=\"22\" class=\"elementor elementor-22\" data-elementor-post-type=\"page\">\n\t\t\t\t<div class=\"elementor-element elementor-element-dbc02c2 e-flex e-con-boxed e-con e-parent\" data-id=\"dbc02c2\" data-element_type=\"container\" data-settings=\"{&quot;background_background&quot;:&quot;gradient&quot;}\">\n\t\t\t\t\t<div class=\"e-con-inner\">\n\t\t\t\t<div class=\"elementor-element elementor-element-03a61aa elementor-widget elementor-widget-heading\" data-id=\"03a61aa\" data-element_type=\"widget\" data-widget_type=\"heading.default\">\n\t\t\t\t<div class=\"elementor-widget-container\">\n\t\t\t\t\t<h1 class=\"elementor-heading-title elementor-size-default\">Solicita\u00e7\u00e3o de financiamento<\/h1>\t\t\t\t<\/div>\n\t\t\t\t<\/div>\n\t\t\t\t<div class=\"elementor-element elementor-element-ea3126b elementor-widget elementor-widget-heading\" data-id=\"ea3126b\" data-element_type=\"widget\" data-widget_type=\"heading.default\">\n\t\t\t\t<div class=\"elementor-widget-container\">\n\t\t\t\t\t<h2 class=\"elementor-heading-title elementor-size-default\">Financie seu novo im\u00f3vel conosco!<\/h2>\t\t\t\t<\/div>\n\t\t\t\t<\/div>\n\t\t\t\t\t<\/div>\n\t\t\t\t<\/div>\n\t\t<div class=\"elementor-element elementor-element-e002af3 e-flex e-con-boxed e-con e-parent\" data-id=\"e002af3\" data-element_type=\"container\" data-settings=\"{&quot;background_background&quot;:&quot;classic&quot;}\">\n\t\t\t\t\t<div class=\"e-con-inner\">\n\t\t\t\t<div class=\"elementor-element elementor-element-cd0bcd5 elementor-widget elementor-widget-jet-engine-booking-form\" data-id=\"cd0bcd5\" data-element_type=\"widget\" data-widget_type=\"jet-engine-booking-form.default\">\n\t\t\t\t<div class=\"elementor-widget-container\">\n\t\t\t\t\t<form  class=\"jet-form layout-column submit-type-ajax\" action=\"\/propostafinanciamento\/wp-json\/wp\/v2\/pages\/22?jet_engine_action=book&#038;nocache=1777815388\" method=\"POST\" data-form-id=\"122\"><input class=\"jet-form__field hidden-field\" type=\"hidden\" name=\"_jet_engine_booking_form_id\" value=\"122\" data-field-name=\"_jet_engine_booking_form_id\"><input class=\"jet-form__field hidden-field\" type=\"hidden\" name=\"_jet_engine_refer\" value=\"https:\/\/propostadigital.diamondpublioficial.com.br\/propostafinanciamento\/wp-json\/wp\/v2\/pages\/22\" data-field-name=\"_jet_engine_refer\"><div  class=\"jet-form-row jet-form-row--hidden\"><div class=\"jet-form-col jet-form-col-12  field-type-hidden  jet-form-field-container\" data-field=\"post_id\" data-conditional=\"false\"><input class=\"jet-form__field hidden-field\" type=\"hidden\" name=\"post_id\" value=\"22\" data-field-name=\"post_id\"><\/div><\/div><div  class=\"jet-form-row jet-form-row--first-visible\"><div class=\"jet-form-col jet-form-col-6  field-type-text  jet-form-field-container\" data-field=\"_nome-cliente\" data-conditional=\"false\"><div class=\"jet-form__label\">\n\t<span class=\"jet-form__label-text\" >Nome Cliente<span class=\"jet-form__required\">*<\/span><\/span>\n\t<\/div><input class=\"jet-form__field text-field \" value=\"\" required=\"required\" name=\"_nome-cliente\" id=\"_nome-cliente\" type=\"text\" data-field-name=\"_nome-cliente\"><\/div><div class=\"jet-form-col jet-form-col-6  field-type-text  jet-form-field-container\" data-field=\"_email\" data-conditional=\"false\"><div class=\"jet-form__label\">\n\t<span class=\"jet-form__label-text\" >Email<\/span>\n\t<\/div><input class=\"jet-form__field text-field \" value=\"\" name=\"_email\" id=\"_email\" type=\"text\" data-field-name=\"_email\"><\/div><\/div><div  class=\"jet-form-row\"><div class=\"jet-form-col jet-form-col-6  field-type-text  jet-form-field-container\" data-field=\"_cpf\" data-conditional=\"false\"><div class=\"jet-form__label\">\n\t<span class=\"jet-form__label-text\" >Cpf<\/span>\n\t<\/div><input class=\"jet-form__field text-field jet-form__masked-field\" value=\"\" name=\"_cpf\" id=\"_cpf\" type=\"text\" data-field-name=\"_cpf\" data-inputmask=\"'mask': '999.999.999-99'\" data-inputmask-clearmaskonlostfocus=\"false\"><\/div><div class=\"jet-form-col jet-form-col-6  field-type-text  jet-form-field-container\" data-field=\"_entrada\" data-conditional=\"false\"><div class=\"jet-form__label\">\n\t<span class=\"jet-form__label-text\" >Entrada<\/span>\n\t<\/div><input class=\"jet-form__field text-field \" value=\"\" name=\"_entrada\" id=\"_entrada\" type=\"text\" data-field-name=\"_entrada\"><\/div><\/div><div  class=\"jet-form-row\"><div class=\"jet-form-col jet-form-col-6  field-type-text  jet-form-field-container\" data-field=\"_valor-financiamento\" data-conditional=\"false\"><div class=\"jet-form__label\">\n\t<span class=\"jet-form__label-text\" >Valor Financiamento<\/span>\n\t<\/div><input class=\"jet-form__field text-field \" value=\"\" name=\"_valor-financiamento\" id=\"_valor-financiamento\" type=\"text\" data-field-name=\"_valor-financiamento\"><\/div><div class=\"jet-form-col jet-form-col-6  field-type-text  jet-form-field-container\" data-field=\"_data-nascimento\" data-conditional=\"false\"><div class=\"jet-form__label\">\n\t<span class=\"jet-form__label-text\" >Data de Nascimento<\/span>\n\t<\/div><input class=\"jet-form__field text-field jet-form__masked-field\" value=\"\" name=\"_data-nascimento\" id=\"_data-nascimento\" type=\"text\" data-field-name=\"_data-nascimento\" data-inputmask=\"'alias': 'datetime'\" data-inputmask-inputformat=\"dd\/mm\/yyyy\" data-inputmask-inputmode=\"verbatim\" data-inputmask-clearmaskonlostfocus=\"false\"><\/div><\/div><div  class=\"jet-form-row\"><div class=\"jet-form-col jet-form-col-6  field-type-text  jet-form-field-container\" data-field=\"_renda-bruta\" data-conditional=\"false\"><div class=\"jet-form__label\">\n\t<span class=\"jet-form__label-text\" >Renda Bruta<\/span>\n\t<\/div><input class=\"jet-form__field text-field \" value=\"\" name=\"_renda-bruta\" id=\"_renda-bruta\" type=\"text\" data-field-name=\"_renda-bruta\"><\/div><div class=\"jet-form-col jet-form-col-6  field-type-text  jet-form-field-container\" data-field=\"_profissao\" data-conditional=\"false\"><div class=\"jet-form__label\">\n\t<span class=\"jet-form__label-text\" >Profiss\u00e3o<\/span>\n\t<\/div><input class=\"jet-form__field text-field \" value=\"\" name=\"_profissao\" id=\"_profissao\" type=\"text\" data-field-name=\"_profissao\"><\/div><\/div><div  class=\"jet-form-row\"><div class=\"jet-form-col jet-form-col-12  field-type-radio  jet-form-field-container\" data-field=\"_status\" data-conditional=\"false\"><div class=\"jet-form__label\">\n\t<span class=\"jet-form__label-text\" >Status<\/span>\n\t<\/div><div class=\"jet-form__fields-group checkradio-wrap\">\t\t<div class=\"jet-form__field-wrap radio-wrap checkradio-wrap\">\n\t\t\t\t\t\t<label class=\"jet-form__field-label\">\n\t\t\t\t<input\n\t\t\t\t\ttype=\"radio\"\n\t\t\t\t\tname=\"_status\"\n\t\t\t\t\tclass=\"jet-form__field radio-field checkradio-field\"\n\t\t\t\t\tvalue=\"5\"\n\t\t\t\t\tdata-field-name=\"_status\"\n\t\t\t\t\t\t\t\t\t\t\t\t\t\t\t\t\t\t\t\t\t\t\t\t>\n\t\t\t\tAguardando\t\t\t<\/label>\n\t\t<\/div>\n\t\t\t\t<div class=\"jet-form__field-wrap radio-wrap checkradio-wrap\">\n\t\t\t\t\t\t<label class=\"jet-form__field-label\">\n\t\t\t\t<input\n\t\t\t\t\ttype=\"radio\"\n\t\t\t\t\tname=\"_status\"\n\t\t\t\t\tclass=\"jet-form__field radio-field checkradio-field\"\n\t\t\t\t\tvalue=\"6\"\n\t\t\t\t\tdata-field-name=\"_status\"\n\t\t\t\t\t\t\t\t\t\t\t\t\t\t\t\t\t\t\t\t\t\t\t\t>\n\t\t\t\tAprovado\t\t\t<\/label>\n\t\t<\/div>\n\t\t\t\t<div class=\"jet-form__field-wrap radio-wrap checkradio-wrap\">\n\t\t\t\t\t\t<label class=\"jet-form__field-label\">\n\t\t\t\t<input\n\t\t\t\t\ttype=\"radio\"\n\t\t\t\t\tname=\"_status\"\n\t\t\t\t\tclass=\"jet-form__field radio-field checkradio-field\"\n\t\t\t\t\tvalue=\"7\"\n\t\t\t\t\tdata-field-name=\"_status\"\n\t\t\t\t\t\t\t\t\t\t\t\t\t\t\t\t\t\t\t\t\t\t\t\t>\n\t\t\t\tRecusado\t\t\t<\/label>\n\t\t<\/div>\n\t\t<\/div><\/div><\/div><div  class=\"jet-form-row jet-form-row--submit\"><div class=\"jet-form-col jet-form-col-12  field-type-submit  jet-form-field-container\" data-field=\"Submit\" data-conditional=\"false\"><div class=\"jet-form__submit-wrap\">\n\t\t<button class=\"jet-form__submit submit-type-ajax\" type=\"button\">Solicitar financiamento<\/button>\n<\/div><\/div><\/div><input class=\"jet-form__field hidden-field\" type=\"hidden\" name=\"_jet_engine_nonce\" value=\"cb88136c43\" data-field-name=\"_jet_engine_nonce\"><\/form><div class=\"jet-form-messages-wrap\" data-form-id=\"122\"><\/div>\t\t\t\t<\/div>\n\t\t\t\t<\/div>\n\t\t\t\t<div class=\"elementor-element elementor-element-ccf87d4 elementor-widget elementor-widget-html\" data-id=\"ccf87d4\" data-element_type=\"widget\" data-widget_type=\"html.default\">\n\t\t\t\t<div class=\"elementor-widget-container\">\n\t\t\t\t\t<script>\r\ndocument.querySelector('.jet-form__field.radio-field.checkradio-field').checked = true;\r\n<\/script>\t\t\t\t<\/div>\n\t\t\t\t<\/div>\n\t\t\t\t\t<\/div>\n\t\t\t\t<\/div>\n\t\t\t\t<\/div>\n\t\t","protected":false},"excerpt":{"rendered":"<p>Solicita\u00e7\u00e3o de financiamento Financie seu novo im\u00f3vel conosco! Nome Cliente* Email Cpf Entrada Valor Financiamento Data de Nascimento Renda Bruta Profiss\u00e3o Status Aguardando Aprovado Recusado Solicitar financiamento<\/p>\n","protected":false},"author":2,"featured_media":0,"parent":0,"menu_order":0,"comment_status":"closed","ping_status":"closed","template":"elementor_header_footer","meta":{"footnotes":""},"class_list":["post-22","page","type-page","status-publish","hentry"],"_links":{"self":[{"href":"https:\/\/propostadigital.diamondpublioficial.com.br\/propostafinanciamento\/wp-json\/wp\/v2\/pages\/22","targetHints":{"allow":["GET"]}}],"collection":[{"href":"https:\/\/propostadigital.diamondpublioficial.com.br\/propostafinanciamento\/wp-json\/wp\/v2\/pages"}],"about":[{"href":"https:\/\/propostadigital.diamondpublioficial.com.br\/propostafinanciamento\/wp-json\/wp\/v2\/types\/page"}],"author":[{"embeddable":true,"href":"https:\/\/propostadigital.diamondpublioficial.com.br\/propostafinanciamento\/wp-json\/wp\/v2\/users\/2"}],"replies":[{"embeddable":true,"href":"https:\/\/propostadigital.diamondpublioficial.com.br\/propostafinanciamento\/wp-json\/wp\/v2\/comments?post=22"}],"version-history":[{"count":22,"href":"https:\/\/propostadigital.diamondpublioficial.com.br\/propostafinanciamento\/wp-json\/wp\/v2\/pages\/22\/revisions"}],"predecessor-version":[{"id":353,"href":"https:\/\/propostadigital.diamondpublioficial.com.br\/propostafinanciamento\/wp-json\/wp\/v2\/pages\/22\/revisions\/353"}],"wp:attachment":[{"href":"https:\/\/propostadigital.diamondpublioficial.com.br\/propostafinanciamento\/wp-json\/wp\/v2\/media?parent=22"}],"curies":[{"name":"wp","href":"https:\/\/api.w.org\/{rel}","templated":true}]}}